{"id":2,"date":"2022-07-26T11:58:29","date_gmt":"2022-07-26T09:58:29","guid":{"rendered":"http:\/\/localhost\/wordpress\/?page_id=2"},"modified":"2026-01-07T19:50:27","modified_gmt":"2026-01-07T18:50:27","slug":"sample-page","status":"publish","type":"page","link":"https:\/\/www.dermatovic.cat\/","title":{"rendered":"DERMATOVIC"},"content":{"rendered":"\n<h3 class=\"wp-block-heading has-text-align-center has-black-color has-text-color\"><em>Apostem per una atenci\u00f3 personalitzada i d&#8217;excel\u00b7l\u00e8ncia al pacient<\/em><\/h3>\n\n\n\n<div class=\"wp-block-group alignfull has-text-color has-background\" style=\"color:#000000;background-color:#ffffff\"><div class=\"wp-block-group__inner-container is-layout-flow wp-block-group-is-layout-flow\">\n<div class=\"wp-block-buttons is-horizontal is-content-justification-center is-layout-flex wp-container-core-buttons-is-layout-03627597 wp-block-buttons-is-layout-flex\">\n<div class=\"wp-block-button has-custom-width wp-block-button__width-50\"><a class=\"wp-block-button__link has-background-color-background-color has-text-color has-background has-medium-font-size has-custom-font-size wp-element-button\" href=\"tel:938852436\" style=\"border-radius:50px;color:#ffffff\">Demana hora de visita<\/a><\/div>\n<\/div>\n<\/div><\/div>\n\n\n\n<hr class=\"wp-block-separator has-alpha-channel-opacity is-style-default\"\/>\n\n\n\n<h1 class=\"wp-block-heading has-text-align-center\"><strong>Les nostres especialitats m\u00e8diques<\/strong><\/h1>\n\n\n\n<div class=\"wp-block-columns is-layout-flex wp-container-core-columns-is-layout-28f84493 wp-block-columns-is-layout-flex\">\n<div class=\"wp-block-column is-layout-flow wp-block-column-is-layout-flow\">\n<div style=\"height:10px\" aria-hidden=\"true\" class=\"wp-block-spacer\"><\/div>\n\n\n\n<h3 class=\"wp-block-heading has-text-align-center\"><strong>Dermatologia<\/strong><\/h3>\n\n\n\n<figure class=\"wp-block-image size-large wp-duotone-unset-1\"><a href=\"https:\/\/www.dermatovic.cat\/?page_id=117\"><img loading=\"lazy\" decoding=\"async\" width=\"1024\" height=\"1024\" src=\"http:\/\/www.dermatovic.cat\/wp-content\/uploads\/2023\/10\/Dermato-1024x1024.png\" alt=\"\" class=\"wp-image-650\" srcset=\"https:\/\/www.dermatovic.cat\/wp-content\/uploads\/2023\/10\/Dermato-1024x1024.png 1024w, https:\/\/www.dermatovic.cat\/wp-content\/uploads\/2023\/10\/Dermato-300x300.png 300w, https:\/\/www.dermatovic.cat\/wp-content\/uploads\/2023\/10\/Dermato-150x150.png 150w, https:\/\/www.dermatovic.cat\/wp-content\/uploads\/2023\/10\/Dermato-768x768.png 768w, https:\/\/www.dermatovic.cat\/wp-content\/uploads\/2023\/10\/Dermato.png 1080w\" sizes=\"auto, (max-width: 1024px) 100vw, 1024px\" \/><\/a><\/figure>\n<\/div>\n\n\n\n<div class=\"wp-block-column is-layout-flow wp-block-column-is-layout-flow\">\n\n\n<div style=\"height:10px\" aria-hidden=\"true\" class=\"wp-block-spacer\"><\/div>\n\n\n\n<h3 class=\"wp-block-heading has-text-align-center\"><strong>Fisioter\u00e0pia<\/strong><\/h3>\n\n\n\n<figure class=\"wp-block-image size-large\"><a href=\"https:\/\/www.dermatovic.cat\/?page_id=147\"><img loading=\"lazy\" decoding=\"async\" width=\"1024\" height=\"1024\" src=\"http:\/\/www.dermatovic.cat\/wp-content\/uploads\/2023\/10\/Fisioterapia-1024x1024.png\" alt=\"\" class=\"wp-image-647\" srcset=\"https:\/\/www.dermatovic.cat\/wp-content\/uploads\/2023\/10\/Fisioterapia-1024x1024.png 1024w, https:\/\/www.dermatovic.cat\/wp-content\/uploads\/2023\/10\/Fisioterapia-300x300.png 300w, https:\/\/www.dermatovic.cat\/wp-content\/uploads\/2023\/10\/Fisioterapia-150x150.png 150w, https:\/\/www.dermatovic.cat\/wp-content\/uploads\/2023\/10\/Fisioterapia-768x768.png 768w, https:\/\/www.dermatovic.cat\/wp-content\/uploads\/2023\/10\/Fisioterapia.png 1080w\" sizes=\"auto, (max-width: 1024px) 100vw, 1024px\" \/><\/a><\/figure>\n<\/div>\n\n\n\n<div class=\"wp-block-column is-layout-flow wp-block-column-is-layout-flow\">\n\n\n<div style=\"height:10px\" aria-hidden=\"true\" class=\"wp-block-spacer\"><\/div>\n\n\n\n<h3 class=\"wp-block-heading has-text-align-center\"><strong>Atenci\u00f3 al pacient<\/strong><\/h3>\n\n\n\n<figure class=\"wp-block-image size-large\"><a href=\"https:\/\/www.dermatovic.cat\/?page_id=263\"><img loading=\"lazy\" decoding=\"async\" width=\"1024\" height=\"1024\" src=\"http:\/\/www.dermatovic.cat\/wp-content\/uploads\/2023\/10\/Especialitats_Dermatovic-4-1024x1024.png\" alt=\"\" class=\"wp-image-668\" srcset=\"https:\/\/www.dermatovic.cat\/wp-content\/uploads\/2023\/10\/Especialitats_Dermatovic-4-1024x1024.png 1024w, https:\/\/www.dermatovic.cat\/wp-content\/uploads\/2023\/10\/Especialitats_Dermatovic-4-300x300.png 300w, https:\/\/www.dermatovic.cat\/wp-content\/uploads\/2023\/10\/Especialitats_Dermatovic-4-150x150.png 150w, https:\/\/www.dermatovic.cat\/wp-content\/uploads\/2023\/10\/Especialitats_Dermatovic-4-768x768.png 768w, https:\/\/www.dermatovic.cat\/wp-content\/uploads\/2023\/10\/Especialitats_Dermatovic-4.png 1080w\" sizes=\"auto, (max-width: 1024px) 100vw, 1024px\" \/><\/a><\/figure>\n<\/div>\n<\/div>\n\n\n\n<div class=\"wp-block-columns is-layout-flex wp-container-core-columns-is-layout-28f84493 wp-block-columns-is-layout-flex\">\n<div class=\"wp-block-column is-layout-flow wp-block-column-is-layout-flow\">\n<div style=\"height:10px\" aria-hidden=\"true\" class=\"wp-block-spacer\"><\/div>\n<\/div>\n\n\n\n<div class=\"wp-block-column is-layout-flow wp-block-column-is-layout-flow\">\n<div style=\"height:10px\" aria-hidden=\"true\" class=\"wp-block-spacer\"><\/div>\n<\/div>\n<\/div>\n\n\n\n<hr class=\"wp-block-separator has-alpha-channel-opacity\"\/>\n\n\n\n<p class=\"has-text-align-center has-background-color-color has-text-color has-link-color has-small-font-size wp-elements-3438764ab92fd7a830b8c7b1dc3937ba\">La informaci\u00f3 proporcionada en el lloc web no reempla\u00e7a si no que complementa la relaci\u00f3 entre el professional de salut i el seu pacient o visitant i en cas de dubte s&#8217;ha de consultar amb el seu professional de salut de refer\u00e8ncia.<\/p>\n\n\n\n<hr class=\"wp-block-separator has-alpha-channel-opacity\"\/>\n\n\n\n<div class=\"wp-block-media-text alignwide has-media-on-the-right is-stacked-on-mobile is-vertically-aligned-center is-image-fill-element has-white-color has-text-color has-background\" style=\"background-color:#06636347;grid-template-columns:auto 27%\"><div class=\"wp-block-media-text__content\">\n<div class=\"wp-block-group\" style=\"padding-top:2em;padding-right:2em;padding-bottom:2em;padding-left:2em\"><div class=\"wp-block-group__inner-container is-layout-flow wp-block-group-is-layout-flow\">\n<h2 class=\"wp-block-heading has-black-color has-text-color\"><strong>PASSAT<\/strong><\/h2>\n\n\n\n<p class=\"has-black-color has-text-color\" style=\"font-size:15px\">Dermatovic&nbsp;va n\u00e9ixer l&#8217;any&nbsp;1985 amb la voluntat de donar el millor servei de Dermatologia a la ciutat de Vic.<\/p>\n\n\n\n<p class=\"has-black-color has-text-color\" style=\"font-size:15px\">El <strong>Dr. Josep Arimany Manso<\/strong> i la <strong>Dra.&nbsp;Mar\u00eda Antonia&nbsp;G\u00f3nzalez&nbsp;Ense\u00f1at<\/strong>&nbsp;van construir plegats un centre m\u00e8dic especialitzat en Dermatologia general, pedi\u00e0trica, medicoquir\u00fargica i cosm\u00e8tica.<\/p>\n<\/div><\/div>\n<\/div><figure class=\"wp-block-media-text__media\"><img loading=\"lazy\" decoding=\"async\" width=\"1024\" height=\"768\" src=\"http:\/\/www.dermatovic.cat\/wp-content\/uploads\/2023\/10\/Sala_EsperenensEditat-1-1024x768.jpg\" alt=\"\" class=\"wp-image-607 size-full\" style=\"object-position:0% 48%\" srcset=\"https:\/\/www.dermatovic.cat\/wp-content\/uploads\/2023\/10\/Sala_EsperenensEditat-1-1024x768.jpg 1024w, https:\/\/www.dermatovic.cat\/wp-content\/uploads\/2023\/10\/Sala_EsperenensEditat-1-300x225.jpg 300w, https:\/\/www.dermatovic.cat\/wp-content\/uploads\/2023\/10\/Sala_EsperenensEditat-1-768x576.jpg 768w, https:\/\/www.dermatovic.cat\/wp-content\/uploads\/2023\/10\/Sala_EsperenensEditat-1-1536x1152.jpg 1536w, https:\/\/www.dermatovic.cat\/wp-content\/uploads\/2023\/10\/Sala_EsperenensEditat-1-2048x1536.jpg 2048w\" sizes=\"auto, (max-width: 1024px) 100vw, 1024px\" \/><\/figure><\/div>\n\n\n\n<div style=\"height:10px\" aria-hidden=\"true\" class=\"wp-block-spacer\"><\/div>\n\n\n\n<div class=\"wp-block-media-text alignwide is-stacked-on-mobile is-vertically-aligned-center is-image-fill-element has-background\" style=\"background-color:#11b0c252;grid-template-columns:31% auto\"><figure class=\"wp-block-media-text__media\"><img loading=\"lazy\" decoding=\"async\" width=\"1024\" height=\"768\" src=\"http:\/\/www.dermatovic.cat\/wp-content\/uploads\/2023\/10\/Sala_Espera3-1024x768.jpg\" alt=\"\" class=\"wp-image-707 size-full\" style=\"object-position:15% 50%\" srcset=\"https:\/\/www.dermatovic.cat\/wp-content\/uploads\/2023\/10\/Sala_Espera3-1024x768.jpg 1024w, https:\/\/www.dermatovic.cat\/wp-content\/uploads\/2023\/10\/Sala_Espera3-300x225.jpg 300w, https:\/\/www.dermatovic.cat\/wp-content\/uploads\/2023\/10\/Sala_Espera3-768x576.jpg 768w, https:\/\/www.dermatovic.cat\/wp-content\/uploads\/2023\/10\/Sala_Espera3-1536x1152.jpg 1536w, https:\/\/www.dermatovic.cat\/wp-content\/uploads\/2023\/10\/Sala_Espera3-2048x1536.jpg 2048w\" sizes=\"auto, (max-width: 1024px) 100vw, 1024px\" \/><\/figure><div class=\"wp-block-media-text__content\">\n<div class=\"wp-block-group\" style=\"padding-top:2em;padding-right:2em;padding-bottom:2em;padding-left:2em\"><div class=\"wp-block-group__inner-container is-layout-flow wp-block-group-is-layout-flow\">\n<h2 class=\"wp-block-heading has-black-color has-text-color\"><strong>PRESENT<\/strong><\/h2>\n\n\n\n<p class=\"has-black-color has-text-color\" style=\"font-size:15px\">Dermatovic&nbsp;s&#8217;ha convertit en un centre m\u00e8dic de refer\u00e8ncia que inclou m\u00e9s especialitats, com: <strong>Dermatologia, Medicina Est\u00e8tica, Endocrinologia i Fisioter\u00e0pia<\/strong>. A m\u00e9s,&nbsp;ha continuat&nbsp;apostant per la renovaci\u00f3 constant i ha ampliat i millorat la consulta per atendre amb les millors condicions a tots i totes les pacients.<\/p>\n<\/div><\/div>\n<\/div><\/div>\n\n\n\n<div style=\"height:10px\" aria-hidden=\"true\" class=\"wp-block-spacer\"><\/div>\n\n\n\n<div class=\"wp-block-media-text alignwide has-media-on-the-right is-stacked-on-mobile is-vertically-aligned-center is-image-fill-element has-white-color has-text-color has-background\" style=\"background-color:#19b5b552;grid-template-columns:auto 30%\"><div class=\"wp-block-media-text__content\">\n<div class=\"wp-block-group\" style=\"padding-top:2em;padding-right:2em;padding-bottom:2em;padding-left:2em\"><div class=\"wp-block-group__inner-container is-layout-flow wp-block-group-is-layout-flow\">\n<h2 class=\"wp-block-heading has-black-color has-text-color\"><strong>FUTUR<\/strong><\/h2>\n\n\n\n<p class=\"has-black-color has-text-color\" style=\"font-size:15px\">Dermatovic&nbsp;aposta per la innovaci\u00f3 i&nbsp;actualitzaci\u00f3&nbsp;constant dels seus professionals i del centre. Sempre est\u00e0 oberta a noves incorporacions a l&#8217;equip de&nbsp;professionals, col\u00b7laboracions amb institucions, centres&nbsp;sanitaris&nbsp;i entitats&nbsp;relacionades&nbsp;amb la salut i benestar.<\/p>\n<\/div><\/div>\n<\/div><figure class=\"wp-block-media-text__media\"><img loading=\"lazy\" decoding=\"async\" width=\"1024\" height=\"768\" src=\"http:\/\/www.dermatovic.cat\/wp-content\/uploads\/2023\/10\/Entrada4-1024x768.jpg\" alt=\"\" class=\"wp-image-713 size-full\" style=\"object-position:29% 51%\" srcset=\"https:\/\/www.dermatovic.cat\/wp-content\/uploads\/2023\/10\/Entrada4-1024x768.jpg 1024w, https:\/\/www.dermatovic.cat\/wp-content\/uploads\/2023\/10\/Entrada4-300x225.jpg 300w, https:\/\/www.dermatovic.cat\/wp-content\/uploads\/2023\/10\/Entrada4-768x576.jpg 768w, https:\/\/www.dermatovic.cat\/wp-content\/uploads\/2023\/10\/Entrada4-1536x1152.jpg 1536w, https:\/\/www.dermatovic.cat\/wp-content\/uploads\/2023\/10\/Entrada4-2048x1536.jpg 2048w\" sizes=\"auto, (max-width: 1024px) 100vw, 1024px\" \/><\/figure><\/div>\n\n\n\n<div style=\"height:20px\" aria-hidden=\"true\" class=\"wp-block-spacer\"><\/div>\n\n\n\n<hr class=\"wp-block-separator has-alpha-channel-opacity\"\/>\n\n\n\n<p class=\"has-text-align-center has-background-color-color has-text-color has-small-font-size\"><strong>Dermatovic, SCP &#8211; Consulta M\u00e8dica &#8211; Rambla Hospital 4, Principal 3a, 08500 Vic (Barcelona) &#8211; <a href=\"tel:938852436\">Tel. 938852436 <\/a>arimany.dermatologia@comb.cat <\/strong><\/p>\n\n\n\n<hr class=\"wp-block-separator has-alpha-channel-opacity\"\/>\n\n\n\n<p class=\"has-text-align-center has-small-font-size\">Centre autoritzat en el registre de centres, serveis i establiments sanitaris del Departament de Salut amb el codi E08840507. <\/p>\n\n\n\n<hr class=\"wp-block-separator has-alpha-channel-opacity\"\/>\n\n\n\n<p class=\"has-text-align-center has-accent-color has-text-color has-link-color has-small-font-size wp-elements-a189396837882efd1d9d468d33e97e4f\">\u00daltima actualitzaci\u00f3: 04\/2024<\/p>\n\n\n\n<div class=\"wp-block-columns is-layout-flex wp-container-core-columns-is-layout-28f84493 wp-block-columns-is-layout-flex\">\n<div class=\"wp-block-column is-layout-flow wp-block-column-is-layout-flow\" style=\"flex-basis:25%\"><\/div>\n\n\n\n<div class=\"wp-block-column is-layout-flow wp-block-column-is-layout-flow\" style=\"flex-basis:50%\"><\/div>\n\n\n\n<div class=\"wp-block-column is-layout-flow wp-block-column-is-layout-flow\" style=\"flex-basis:25%\">\n<a href=\"https:\/\/stamp.wma.comb.es\/ca\/seal\/3227\" target=\"_blank\" rel=\"noopener\">\n<img decoding=\"async\" src=\"https:\/\/stamp.wma.comb.es\/stamp\/imglogo.ashx?INTWMA=3227&#038;lang=ca&#038;size=big\" border=\"0\" alt=\"Web M\u00e8dic Acreditat. Veure m\u00e9s\ninformaci\u00f3\" longdesc=\"http:\/\/wma.comb.cat\" title=\"Web M\u00e8dic Acreditat. Veure m\u00e9s informaci\u00f3\" \/><\/a>\n<\/div>\n<\/div>\n","protected":false},"excerpt":{"rendered":"<p>Apostem per una atenci\u00f3 personalitzada i d&#8217;excel\u00b7l\u00e8ncia al pacient Les nostres especialitats m\u00e8diques Dermatologia Fisioter\u00e0pia Atenci\u00f3 al pacient La informaci\u00f3 proporcionada en el lloc web no reempla\u00e7a si no que complementa la relaci\u00f3 entre el professional de salut i el seu pacient o visitant i en cas de dubte s&#8217;ha [&hellip;]<\/p>\n","protected":false},"author":1,"featured_media":1015,"parent":0,"menu_order":0,"comment_status":"closed","ping_status":"closed","template":"page-templates\/template-page-sidebar.php","meta":{"_themeisle_gutenberg_block_has_review":false,"footnotes":""},"class_list":["post-2","page","type-page","status-publish","has-post-thumbnail","hentry"],"_links":{"self":[{"href":"https:\/\/www.dermatovic.cat\/index.php?rest_route=\/wp\/v2\/pages\/2","targetHints":{"allow":["GET"]}}],"collection":[{"href":"https:\/\/www.dermatovic.cat\/index.php?rest_route=\/wp\/v2\/pages"}],"about":[{"href":"https:\/\/www.dermatovic.cat\/index.php?rest_route=\/wp\/v2\/types\/page"}],"author":[{"embeddable":true,"href":"https:\/\/www.dermatovic.cat\/index.php?rest_route=\/wp\/v2\/users\/1"}],"replies":[{"embeddable":true,"href":"https:\/\/www.dermatovic.cat\/index.php?rest_route=%2Fwp%2Fv2%2Fcomments&post=2"}],"version-history":[{"count":150,"href":"https:\/\/www.dermatovic.cat\/index.php?rest_route=\/wp\/v2\/pages\/2\/revisions"}],"predecessor-version":[{"id":1206,"href":"https:\/\/www.dermatovic.cat\/index.php?rest_route=\/wp\/v2\/pages\/2\/revisions\/1206"}],"wp:featuredmedia":[{"embeddable":true,"href":"https:\/\/www.dermatovic.cat\/index.php?rest_route=\/wp\/v2\/media\/1015"}],"wp:attachment":[{"href":"https:\/\/www.dermatovic.cat\/index.php?rest_route=%2Fwp%2Fv2%2Fmedia&parent=2"}],"curies":[{"name":"wp","href":"https:\/\/api.w.org\/{rel}","templated":true}]}}